{"id":13466,"date":"2025-05-15T10:59:52","date_gmt":"2025-05-15T10:59:52","guid":{"rendered":"https:\/\/machinery.velikov-design.net\/?page_id=13466"},"modified":"2025-05-16T08:57:38","modified_gmt":"2025-05-16T08:57:38","slug":"%d0%b7%d0%b0-%d0%bd%d0%b0%d1%81","status":"publish","type":"page","link":"https:\/\/vsn-m.eu\/ro\/%d0%b7%d0%b0-%d0%bd%d0%b0%d1%81\/","title":{"rendered":"Despre Noi"},"content":{"rendered":"<div data-elementor-type=\"wp-page\" data-elementor-id=\"13466\" class=\"elementor elementor-13466\" data-elementor-post-type=\"page\">\n\t\t\t\t\t\t<section class=\"elementor-section elementor-top-section elementor-element elementor-element-e6015bb elementor-section-boxed elementor-section-height-default elementor-section-height-default\" data-id=\"e6015bb\" data-element_type=\"section\" data-e-type=\"section\">\n\t\t\t\t\t\t<div class=\"elementor-container elementor-column-gap-default\">\n\t\t\t\t\t<div class=\"elementor-column elementor-col-50 elementor-top-column elementor-element elementor-element-d7fa29d top column-style-top elementor-invisible\" data-id=\"d7fa29d\" data-element_type=\"column\" data-e-type=\"column\" data-settings=\"{&quot;animation&quot;:&quot;fadeInLeft&quot;}\">\n\t\t\t<div class=\"elementor-widget-wrap elementor-element-populated\">\n\t\t\t\t\t\t<div class=\"elementor-element elementor-element-e749c72 e-transform e-transform elementor-widget elementor-widget-image\" data-id=\"e749c72\" data-element_type=\"widget\" data-e-type=\"widget\" data-settings=\"{&quot;_transform_translateX_effect&quot;:{&quot;unit&quot;:&quot;px&quot;,&quot;size&quot;:0,&quot;sizes&quot;:[]},&quot;_transform_translateX_effect_tablet&quot;:{&quot;unit&quot;:&quot;px&quot;,&quot;size&quot;:&quot;&quot;,&quot;sizes&quot;:[]},&quot;_transform_translateX_effect_mobile&quot;:{&quot;unit&quot;:&quot;px&quot;,&quot;size&quot;:&quot;&quot;,&quot;sizes&quot;:[]},&quot;_transform_translateY_effect&quot;:{&quot;unit&quot;:&quot;px&quot;,&quot;size&quot;:&quot;&quot;,&quot;sizes&quot;:[]},&quot;_transform_translateY_effect_tablet&quot;:{&quot;unit&quot;:&quot;px&quot;,&quot;size&quot;:&quot;&quot;,&quot;sizes&quot;:[]},&quot;_transform_translateY_effect_mobile&quot;:{&quot;unit&quot;:&quot;px&quot;,&quot;size&quot;:&quot;&quot;,&quot;sizes&quot;:[]},&quot;_transform_skewX_effect&quot;:{&quot;unit&quot;:&quot;px&quot;,&quot;size&quot;:&quot;&quot;,&quot;sizes&quot;:[]},&quot;_transform_skewX_effect_tablet&quot;:{&quot;unit&quot;:&quot;deg&quot;,&quot;size&quot;:&quot;&quot;,&quot;sizes&quot;:[]},&quot;_transform_skewX_effect_mobile&quot;:{&quot;unit&quot;:&quot;deg&quot;,&quot;size&quot;:&quot;&quot;,&quot;sizes&quot;:[]},&quot;_transform_skewY_effect&quot;:{&quot;unit&quot;:&quot;px&quot;,&quot;size&quot;:&quot;&quot;,&quot;sizes&quot;:[]},&quot;_transform_skewY_effect_tablet&quot;:{&quot;unit&quot;:&quot;deg&quot;,&quot;size&quot;:&quot;&quot;,&quot;sizes&quot;:[]},&quot;_transform_skewY_effect_mobile&quot;:{&quot;unit&quot;:&quot;deg&quot;,&quot;size&quot;:&quot;&quot;,&quot;sizes&quot;:[]}}\" data-widget_type=\"image.default\">\n\t\t\t\t<div class=\"elementor-widget-container\">\n\t\t\t\t\t\t\t\t\t\t\t\t\t\t\t<img fetchpriority=\"high\" decoding=\"async\" width=\"900\" height=\"600\" src=\"https:\/\/vsn-m.eu\/wp-content\/uploads\/2025\/05\/viber_image_2025-05-15_12-46-16-306-1024x683.jpg\" class=\"attachment-large size-large wp-image-13473\" alt=\"\" srcset=\"https:\/\/vsn-m.eu\/wp-content\/uploads\/2025\/05\/viber_image_2025-05-15_12-46-16-306-1024x683.jpg 1024w, https:\/\/vsn-m.eu\/wp-content\/uploads\/2025\/05\/viber_image_2025-05-15_12-46-16-306-768x512.jpg 768w, https:\/\/vsn-m.eu\/wp-content\/uploads\/2025\/05\/viber_image_2025-05-15_12-46-16-306-600x400.jpg 600w, https:\/\/vsn-m.eu\/wp-content\/uploads\/2025\/05\/viber_image_2025-05-15_12-46-16-306.jpg 1600w\" sizes=\"(max-width: 900px) 100vw, 900px\" \/>\t\t\t\t\t\t\t\t\t\t\t\t\t\t\t<\/div>\n\t\t\t\t<\/div>\n\t\t\t\t\t<\/div>\n\t\t<\/div>\n\t\t\t\t<div class=\"elementor-column elementor-col-50 elementor-top-column elementor-element elementor-element-3ca7f47 top column-style-top elementor-invisible\" data-id=\"3ca7f47\" data-element_type=\"column\" data-e-type=\"column\" data-settings=\"{&quot;animation&quot;:&quot;fadeInRight&quot;}\">\n\t\t\t<div class=\"elementor-widget-wrap elementor-element-populated\">\n\t\t\t\t\t\t<div class=\"elementor-element elementor-element-7c4f4ef elementor-widget elementor-widget-heading\" data-id=\"7c4f4ef\" data-element_type=\"widget\" data-e-type=\"widget\" data-widget_type=\"heading.default\">\n\t\t\t\t<div class=\"elementor-widget-container\">\n\t\t\t\t\t<h2 class=\"elementor-heading-title elementor-size-default\">Cine Suntem Noi?<\/h2>\t\t\t\t<\/div>\n\t\t\t\t<\/div>\n\t\t\t\t<div class=\"elementor-element elementor-element-001ce15 elementor-widget-divider--separator-type-pattern elementor-widget-divider--view-line elementor-widget elementor-widget-divider\" data-id=\"001ce15\" data-element_type=\"widget\" data-e-type=\"widget\" data-widget_type=\"divider.default\">\n\t\t\t\t<div class=\"elementor-widget-container\">\n\t\t\t\t\t\t\t<div class=\"elementor-divider\" style=\"--divider-pattern-url: url(&quot;data:image\/svg+xml,%3Csvg xmlns=&#039;http:\/\/www.w3.org\/2000\/svg&#039; preserveAspectRatio=&#039;none&#039; overflow=&#039;visible&#039; height=&#039;100%&#039; viewBox=&#039;0 0 20 16&#039; fill=&#039;none&#039; stroke=&#039;black&#039; stroke-width=&#039;1&#039; stroke-linecap=&#039;square&#039; stroke-miterlimit=&#039;10&#039;%3E%3Cg transform=&#039;translate(-12.000000, 0)&#039;%3E%3Cpath d=&#039;M28,0L10,18&#039;\/%3E%3Cpath d=&#039;M18,0L0,18&#039;\/%3E%3Cpath d=&#039;M48,0L30,18&#039;\/%3E%3Cpath d=&#039;M38,0L20,18&#039;\/%3E%3C\/g%3E%3C\/svg%3E&quot;);\">\n\t\t\t<span class=\"elementor-divider-separator\">\n\t\t\t\t\t\t<\/span>\n\t\t<\/div>\n\t\t\t\t\t\t<\/div>\n\t\t\t\t<\/div>\n\t\t\t\t<div class=\"elementor-element elementor-element-594fba4 elementor-widget elementor-widget-text-editor\" data-id=\"594fba4\" data-element_type=\"widget\" data-e-type=\"widget\" data-widget_type=\"text-editor.default\">\n\t\t\t\t<div class=\"elementor-widget-container\">\n\t\t\t\t\t\t\t\t\tVision Machinery este o companie bulgar\u0103 cu sediul pe strada Serdika nr. 2, satul Dralfa, jude\u021bul T\u00e2rgovi\u0219te. Suntem dedica\u021bi furniz\u0103rii de utilaje de construc\u021bii \u0219i agricole de \u00eenalt\u0103 performan\u021b\u0103, proiectate s\u0103 transforme munca grea \u00eentr-o opera\u021biune precis\u0103, economic\u0103 \u0219i sigur\u0103.\t\t\t\t\t\t\t\t<\/div>\n\t\t\t\t<\/div>\n\t\t\t\t\t<\/div>\n\t\t<\/div>\n\t\t\t\t\t<\/div>\n\t\t<\/section>\n\t\t\t\t<section class=\"elementor-section elementor-top-section elementor-element elementor-element-deb88ad elementor-section-boxed elementor-section-height-default elementor-section-height-default\" data-id=\"deb88ad\" data-element_type=\"section\" data-e-type=\"section\">\n\t\t\t\t\t\t<div class=\"elementor-container elementor-column-gap-default\">\n\t\t\t\t\t<div class=\"elementor-column elementor-col-100 elementor-top-column elementor-element elementor-element-c9c94cc top column-style-top\" data-id=\"c9c94cc\" data-element_type=\"column\" data-e-type=\"column\">\n\t\t\t<div class=\"elementor-widget-wrap elementor-element-populated\">\n\t\t\t\t\t\t<div class=\"elementor-element elementor-element-965902f elementor-widget-divider--separator-type-pattern elementor-widget-divider--view-line elementor-widget elementor-widget-divider\" data-id=\"965902f\" data-element_type=\"widget\" data-e-type=\"widget\" data-widget_type=\"divider.default\">\n\t\t\t\t<div class=\"elementor-widget-container\">\n\t\t\t\t\t\t\t<div class=\"elementor-divider\" style=\"--divider-pattern-url: url(&quot;data:image\/svg+xml,%3Csvg xmlns=&#039;http:\/\/www.w3.org\/2000\/svg&#039; preserveAspectRatio=&#039;none&#039; overflow=&#039;visible&#039; height=&#039;100%&#039; viewBox=&#039;0 0 20 16&#039; fill=&#039;none&#039; stroke=&#039;black&#039; stroke-width=&#039;1&#039; stroke-linecap=&#039;square&#039; stroke-miterlimit=&#039;10&#039;%3E%3Cg transform=&#039;translate(-12.000000, 0)&#039;%3E%3Cpath d=&#039;M28,0L10,18&#039;\/%3E%3Cpath d=&#039;M18,0L0,18&#039;\/%3E%3Cpath d=&#039;M48,0L30,18&#039;\/%3E%3Cpath d=&#039;M38,0L20,18&#039;\/%3E%3C\/g%3E%3C\/svg%3E&quot;);\">\n\t\t\t<span class=\"elementor-divider-separator\">\n\t\t\t\t\t\t<\/span>\n\t\t<\/div>\n\t\t\t\t\t\t<\/div>\n\t\t\t\t<\/div>\n\t\t\t\t<div class=\"elementor-element elementor-element-a2dfeac elementor-widget elementor-widget-heading\" data-id=\"a2dfeac\" data-element_type=\"widget\" data-e-type=\"widget\" data-widget_type=\"heading.default\">\n\t\t\t\t<div class=\"elementor-widget-container\">\n\t\t\t\t\t<h2 class=\"elementor-heading-title elementor-size-default\">Misiunea Noastr\u0103<\/h2>\t\t\t\t<\/div>\n\t\t\t\t<\/div>\n\t\t\t\t<div class=\"elementor-element elementor-element-a1d1ea4 elementor-widget elementor-widget-text-editor\" data-id=\"a1d1ea4\" data-element_type=\"widget\" data-e-type=\"widget\" data-widget_type=\"text-editor.default\">\n\t\t\t\t<div class=\"elementor-widget-container\">\n\t\t\t\t\t\t\t\t\t<p>S\u0103 oferim ma\u0219ini \u0219i solu\u021bii de expertiz\u0103 care cresc productivitatea \u0219i rentabilitatea clien\u021bilor no\u0219tri, reduc\u00e2nd totodat\u0103 costurile de \u00eentre\u021binere \u0219i timpul de nefunc\u021bionare. Credem \u00een parteneriate pe termen lung, bazate pe competen\u021b\u0103 tehnic\u0103, onestitate \u0219i service post-v\u00e2nzare rapid.<\/p>\t\t\t\t\t\t\t\t<\/div>\n\t\t\t\t<\/div>\n\t\t\t\t\t<\/div>\n\t\t<\/div>\n\t\t\t\t\t<\/div>\n\t\t<\/section>\n\t\t\t\t<section class=\"elementor-section elementor-top-section elementor-element elementor-element-95a524d elementor-section-boxed elementor-section-height-default elementor-section-height-default\" data-id=\"95a524d\" data-element_type=\"section\" data-e-type=\"section\">\n\t\t\t\t\t\t<div class=\"elementor-container elementor-column-gap-default\">\n\t\t\t\t\t<div class=\"elementor-column elementor-col-100 elementor-top-column elementor-element elementor-element-d990ee5 top column-style-top\" data-id=\"d990ee5\" data-element_type=\"column\" data-e-type=\"column\">\n\t\t\t<div class=\"elementor-widget-wrap elementor-element-populated\">\n\t\t\t\t\t\t<div class=\"elementor-element elementor-element-156b561 elementor-widget-divider--separator-type-pattern elementor-widget-divider--view-line elementor-widget elementor-widget-divider\" data-id=\"156b561\" data-element_type=\"widget\" data-e-type=\"widget\" data-widget_type=\"divider.default\">\n\t\t\t\t<div class=\"elementor-widget-container\">\n\t\t\t\t\t\t\t<div class=\"elementor-divider\" style=\"--divider-pattern-url: url(&quot;data:image\/svg+xml,%3Csvg xmlns=&#039;http:\/\/www.w3.org\/2000\/svg&#039; preserveAspectRatio=&#039;none&#039; overflow=&#039;visible&#039; height=&#039;100%&#039; viewBox=&#039;0 0 20 16&#039; fill=&#039;none&#039; stroke=&#039;black&#039; stroke-width=&#039;1&#039; stroke-linecap=&#039;square&#039; stroke-miterlimit=&#039;10&#039;%3E%3Cg transform=&#039;translate(-12.000000, 0)&#039;%3E%3Cpath d=&#039;M28,0L10,18&#039;\/%3E%3Cpath d=&#039;M18,0L0,18&#039;\/%3E%3Cpath d=&#039;M48,0L30,18&#039;\/%3E%3Cpath d=&#039;M38,0L20,18&#039;\/%3E%3C\/g%3E%3C\/svg%3E&quot;);\">\n\t\t\t<span class=\"elementor-divider-separator\">\n\t\t\t\t\t\t<\/span>\n\t\t<\/div>\n\t\t\t\t\t\t<\/div>\n\t\t\t\t<\/div>\n\t\t\t\t<div class=\"elementor-element elementor-element-28c38b9 elementor-widget elementor-widget-heading\" data-id=\"28c38b9\" data-element_type=\"widget\" data-e-type=\"widget\" data-widget_type=\"heading.default\">\n\t\t\t\t<div class=\"elementor-widget-container\">\n\t\t\t\t\t<h2 class=\"elementor-heading-title elementor-size-default\">Ce Oferim<\/h2>\t\t\t\t<\/div>\n\t\t\t\t<\/div>\n\t\t\t\t<div class=\"elementor-element elementor-element-e31723c elementor-widget elementor-widget-gva-tabs-content\" data-id=\"e31723c\" data-element_type=\"widget\" data-e-type=\"widget\" data-widget_type=\"gva-tabs-content.default\">\n\t\t\t\t<div class=\"elementor-widget-container\">\n\t\t\t\t\t\t\t<div class=\"gsc-tabs-content\" role=\"tablist\">\n\t\t\t<div class=\"tabs_wrapper\">\n\t\t\t\t\n\t\t\t\t<ul class=\"nav nav_tabs clearfix\">\n\t\t\t\t\t\t\t\t\t\t\t<li class=\"elementor-repeater-item-fef875c\">\n\t\t\t\t\t\t\t<a class=\"active show\" data-toggle=\"tab\" href=\"#earp-0\">\n\t\t\t\t\t\t\t\t<span>Excavatoare<\/span>\n\t\t\t\t\t\t\t<\/a>\n\t\t\t\t\t\t<\/li>\n\t\t\t\t\t\t\t\t\t\t\t<li class=\"elementor-repeater-item-44cceeb\">\n\t\t\t\t\t\t\t<a class=\"\" data-toggle=\"tab\" href=\"#earp-1\">\n\t\t\t\t\t\t\t\t<span>\u00cenc\u0103rc\u0103toare Frontale<\/span>\n\t\t\t\t\t\t\t<\/a>\n\t\t\t\t\t\t<\/li>\n\t\t\t\t\t\t\t\t\t\t\t<li class=\"elementor-repeater-item-0bd0416\">\n\t\t\t\t\t\t\t<a class=\"\" data-toggle=\"tab\" href=\"#earp-2\">\n\t\t\t\t\t\t\t\t<span>Mini \u00cenc\u0103rc\u0103toare Frontale<\/span>\n\t\t\t\t\t\t\t<\/a>\n\t\t\t\t\t\t<\/li>\n\t\t\t\t\t\t\t\t\t\t\t<li class=\"elementor-repeater-item-edc04b7\">\n\t\t\t\t\t\t\t<a class=\"\" data-toggle=\"tab\" href=\"#earp-3\">\n\t\t\t\t\t\t\t\t<span>Tractoare<\/span>\n\t\t\t\t\t\t\t<\/a>\n\t\t\t\t\t\t<\/li>\n\t\t\t\t\t\t\t\t\t<\/ul>\n\t\t\t\t\n\n\t\t\t\t<div class=\"tab-content clearfix\">\n\t\t\t\t\t\t\t\t\t\t\t<div class=\"tab-pane fade in active show\" role=\"tabpanel\" id=\"earp-0\">\n\t\t\t\t\t\t\t\t\t\t\t\t\t\t\t<div class=\"tab-image\">\n\t\t\t\t\t\t\t\t\t<img decoding=\"async\" src=\"https:\/\/machinery.velikov-design.net\/wp-content\/uploads\/2025\/05\/viber_image_2025-05-15_12-46-16-335.jpg\" alt=\"\u0411\u0430\u0433\u0435\u0440\u0438\" \/>\n\t\t\t\t\t\t\t\t<\/div> \n\t\t\t\t\t\t\t\t\t\t\t\t\t\t<div class=\"tab-content-item has_image\">\n\t\t\t\t\t\t\t\tVerticale \u0219i radiale; potrivite pentru construc\u021bii, s\u0103p\u0103turi \u0219i proiecte de infrastructur\u0103.\n<div><a class=\"elementor-button elementor-button-link elementor-size-sm bg-primary\" style=\"background: #0365D0 !important; border-radius: 0;\" href=\"\/ro\/product-category\/baggers\/\">Descoper\u0103 aici!<\/a><\/div>\t\t\t\t\t\t\t<\/div>\n\t\t\t\t\t\t<\/div>\n\t\t\t\t\t\n\t\t\t\t\t\t\t\t\t\t\t<div class=\"tab-pane fade in\" role=\"tabpanel\" id=\"earp-1\">\n\t\t\t\t\t\t\t\t\t\t\t\t\t\t\t<div class=\"tab-image\">\n\t\t\t\t\t\t\t\t\t<img decoding=\"async\" src=\"https:\/\/machinery.velikov-design.net\/wp-content\/uploads\/2025\/05\/viber_image_2025-05-15_12-46-16-192.jpg\" alt=\"\u0427\u0435\u043b\u043d\u0438 \u0442\u043e\u0432\u0430\u0440\u0430\u0447\u0438\" \/>\n\t\t\t\t\t\t\t\t<\/div> \n\t\t\t\t\t\t\t\t\t\t\t\t\t\t<div class=\"tab-content-item has_image\">\n\t\t\t\t\t\t\t\tClase mini \u0219i medie; opera\u021biuni de \u00eenc\u0103rcare-desc\u0103rcare, silozuri, cariere.\n<div><a class=\"elementor-button elementor-button-link elementor-size-sm bg-primary\" style=\"background: #0365D0 !important; border-radius: 0;\" href=\"\/ro\/product-category\/front-loaders\/\">Descoper\u0103 aici!<\/a><\/div>\t\t\t\t\t\t\t<\/div>\n\t\t\t\t\t\t<\/div>\n\t\t\t\t\t\n\t\t\t\t\t\t\t\t\t\t\t<div class=\"tab-pane fade in\" role=\"tabpanel\" id=\"earp-2\">\n\t\t\t\t\t\t\t\t\t\t\t\t\t\t\t<div class=\"tab-image\">\n\t\t\t\t\t\t\t\t\t<img decoding=\"async\" src=\"https:\/\/machinery.velikov-design.net\/wp-content\/uploads\/2025\/05\/viber_image_2025-05-15_12-46-16-438.jpg\" alt=\"\u041c\u0438\u043d\u0438 \u0447\u0435\u043b\u043d\u0438 \u0442\u043e\u0432\u0430\u0440\u0430\u0447\u0438\" \/>\n\t\t\t\t\t\t\t\t<\/div> \n\t\t\t\t\t\t\t\t\t\t\t\t\t\t<div class=\"tab-content-item has_image\">\n\t\t\t\t\t\t\t\tMa\u0219ini compacte pentru \u0219antiere \u00eenguste, amenaj\u0103ri peisagistice \u0219i proiecte urbane.\n<div><a class=\"elementor-button elementor-button-link elementor-size-sm bg-primary\" style=\"background: #0365D0 !important; border-radius: 0;\" href=\"\/ro\/product-category\/mini-front-loaders\/\">Descoper\u0103 aici!<\/a><\/div>\t\t\t\t\t\t\t<\/div>\n\t\t\t\t\t\t<\/div>\n\t\t\t\t\t\n\t\t\t\t\t\t\t\t\t\t\t<div class=\"tab-pane fade in\" role=\"tabpanel\" id=\"earp-3\">\n\t\t\t\t\t\t\t\t\t\t\t\t\t\t\t<div class=\"tab-image\">\n\t\t\t\t\t\t\t\t\t<img decoding=\"async\" src=\"https:\/\/machinery.velikov-design.net\/wp-content\/uploads\/2025\/05\/viber_image_2025-05-15_12-46-16-393.jpg\" alt=\"\u0422\u0440\u0430\u043a\u0442\u043e\u0440\u0438\" \/>\n\t\t\t\t\t\t\t\t<\/div> \n\t\t\t\t\t\t\t\t\t\t\t\t\t\t<div class=\"tab-content-item has_image\">\n\t\t\t\t\t\t\t\tTractoare universale pe ro\u021bi \u0219i utilaje specializate pentru agricultur\u0103 \u0219i servicii municipale.\n<div><a class=\"elementor-button elementor-button-link elementor-size-sm bg-primary\" style=\"background: #0365D0 !important; border-radius: 0;\" href=\"\/ro\/product-category\/tractors\/\">Descoper\u0103 aici!<\/a><\/div>\t\t\t\t\t\t\t<\/div>\n\t\t\t\t\t\t<\/div>\n\t\t\t\t\t\n\t\t\t\t\t\t\t\t\t<\/div>\n\t\t\t<\/div>\t\n\t\t<\/div>\n\n\t\t\t\t\t\t<\/div>\n\t\t\t\t<\/div>\n\t\t\t\t\t<\/div>\n\t\t<\/div>\n\t\t\t\t\t<\/div>\n\t\t<\/section>\n\t\t\t\t<\/div>","protected":false},"excerpt":{"rendered":"<p>\u041a\u043e\u0438 \u0441\u043c\u0435 \u043d\u0438\u0435? Vision Machinery \u0435 \u0431\u044a\u043b\u0433\u0430\u0440\u0441\u043a\u0430 \u043a\u043e\u043c\u043f\u0430\u043d\u0438\u044f \u0441\u044a\u0441 \u0441\u0435\u0434\u0430\u043b\u0438\u0449\u0435 \u043d\u0430 \u0443\u043b. \u201e\u0421\u0435\u0440\u0434\u0438\u043a\u0430\u201c 2, \u0441\u0435\u043b\u043e \u0414\u0440\u0430\u043b\u0444\u0430, \u043e\u0431\u043b. \u0422\u044a\u0440\u0433\u043e\u0432\u0438\u0449\u0435. \u041d\u0438\u0435 \u0441\u043c\u0435 \u043e\u0442\u0434\u0430\u0434\u0435\u043d\u0438 \u043d\u0430 \u0434\u043e\u0441\u0442\u0430\u0432\u043a\u0430\u0442\u0430 \u043d\u0430 \u0432\u0438\u0441\u043e\u043a\u043e\u0435\u0444\u0435\u043a\u0442\u0438\u0432\u043d\u0430 \u0441\u0442\u0440\u043e\u0438\u0442\u0435\u043b\u043d\u0430 \u0438 \u0437\u0435\u043c\u0435\u0434\u0435\u043b\u0441\u043a\u0430 \u0442\u0435\u0445\u043d\u0438\u043a\u0430, \u043f\u0440\u043e\u0435\u043a\u0442\u0438\u0440\u0430\u043d\u0430 \u0434\u0430 \u043f\u0440\u0435\u0432\u044a\u0440\u043d\u0435 \u0442\u0435\u0436\u043a\u0430\u0442\u0430 \u0440\u0430\u0431\u043e\u0442\u0430 \u0432 \u043f\u0440\u0435\u0446\u0438\u0437\u043d\u0430, \u0438\u043a\u043e\u043d\u043e\u043c\u0438\u0447\u043d\u0430 \u0438 \u0441\u0438\u0433\u0443\u0440\u043d\u0430 \u043e\u043f\u0435\u0440\u0430\u0446\u0438\u044f. \u041d\u0430\u0448\u0430\u0442\u0430 \u043c\u0438\u0441\u0438\u044f \u0414\u0430 \u043e\u0441\u0438\u0433\u0443\u0440\u044f\u0432\u0430\u043c\u0435 \u043c\u0430\u0448\u0438\u043d\u0438 \u0438 \u0435\u043a\u0441\u043f\u0435\u0440\u0442\u043d\u0438 \u0440\u0435\u0448\u0435\u043d\u0438\u044f, \u043a\u043e\u0438\u0442\u043e \u0443\u0432\u0435\u043b\u0438\u0447\u0430\u0432\u0430\u0442 \u043f\u0440\u043e\u0434\u0443\u043a\u0442\u0438\u0432\u043d\u043e\u0441\u0442\u0442\u0430 \u0438 \u0440\u0435\u043d\u0442\u0430\u0431\u0438\u043b\u043d\u043e\u0441\u0442\u0442\u0430 \u043d\u0430 \u043d\u0430\u0448\u0438\u0442\u0435 [&hellip;]<\/p>","protected":false},"author":1,"featured_media":0,"parent":0,"menu_order":0,"comment_status":"closed","ping_status":"closed","template":"","meta":{"footnotes":""},"class_list":["post-13466","page","type-page","status-publish","hentry"],"_links":{"self":[{"href":"https:\/\/vsn-m.eu\/ro\/wp-json\/wp\/v2\/pages\/13466","targetHints":{"allow":["GET"]}}],"collection":[{"href":"https:\/\/vsn-m.eu\/ro\/wp-json\/wp\/v2\/pages"}],"about":[{"href":"https:\/\/vsn-m.eu\/ro\/wp-json\/wp\/v2\/types\/page"}],"author":[{"embeddable":true,"href":"https:\/\/vsn-m.eu\/ro\/wp-json\/wp\/v2\/users\/1"}],"replies":[{"embeddable":true,"href":"https:\/\/vsn-m.eu\/ro\/wp-json\/wp\/v2\/comments?post=13466"}],"version-history":[{"count":37,"href":"https:\/\/vsn-m.eu\/ro\/wp-json\/wp\/v2\/pages\/13466\/revisions"}],"predecessor-version":[{"id":13564,"href":"https:\/\/vsn-m.eu\/ro\/wp-json\/wp\/v2\/pages\/13466\/revisions\/13564"}],"wp:attachment":[{"href":"https:\/\/vsn-m.eu\/ro\/wp-json\/wp\/v2\/media?parent=13466"}],"curies":[{"name":"wp","href":"https:\/\/api.w.org\/{rel}","templated":true}]}}