{"id":14056,"date":"2025-11-17T23:40:01","date_gmt":"2025-11-17T21:40:01","guid":{"rendered":"https:\/\/vsn-m.eu\/?post_type=product&#038;p=14056"},"modified":"2026-01-02T13:48:51","modified_gmt":"2026-01-02T11:48:51","slug":"vsn-gr928%d0%b2%d0%b8%d0%b6%d1%8a%d0%bd-%d0%bc%d0%b0%d1%88%d0%b8%d0%bd%d1%8a%d1%80%d0%b8-%d0%b1%d1%8a%d0%bb%d0%b3%d0%b0%d1%80%d0%b8%d1%8f-vision-machinery-bulgaria-%d0%bf%d1%80%d0%be%d0%b4%d1%8a","status":"publish","type":"product","link":"https:\/\/vsn-m.eu\/ro\/product\/vsn-gr928%d0%b2%d0%b8%d0%b6%d1%8a%d0%bd-%d0%bc%d0%b0%d1%88%d0%b8%d0%bd%d1%8a%d1%80%d0%b8-%d0%b1%d1%8a%d0%bb%d0%b3%d0%b0%d1%80%d0%b8%d1%8f-vision-machinery-bulgaria-%d0%bf%d1%80%d0%be%d0%b4%d1%8a\/","title":{"rendered":"\u00cenc\u0103rc\u0103tor frontal \u2013 VSN GR928"},"content":{"rendered":"<h2 data-start=\"186\" data-end=\"561\"><strong data-start=\"186\" data-end=\"215\">Vision Machinery Bulgaria<\/strong> prezint\u0103 <strong data-start=\"226\" data-end=\"254\">\u00eenc\u0103rc\u0103torul frontal VSN GR928<\/strong><\/h2>\n<p data-start=\"186\" data-end=\"561\">O ma\u0219in\u0103 fiabil\u0103, puternic\u0103 \u0219i performant\u0103, conceput\u0103 pentru condi\u021bii dificile \u0219i munc\u0103 intensiv\u0103. Modelul combin\u0103 o construc\u021bie solid\u0103, un sistem hidraulic modern \u0219i o manevrabilitate impresionant\u0103, ceea ce \u00eel face o alegere ideal\u0103 pentru \u0219antiere de construc\u021bii, agricultur\u0103, opera\u021biuni industriale \u0219i activit\u0103\u021bi de \u00eenc\u0103rcare\/desc\u0103rcare.<\/p>\n<p data-start=\"563\" data-end=\"850\"><strong data-start=\"563\" data-end=\"576\">VSN GR928<\/strong> este echipat cu <strong data-start=\"591\" data-end=\"611\">aer condi\u021bionat \u0219i \u00eenc\u0103lzire<\/strong>, asigur\u00e2nd confortul operatorului \u00een toate anotimpurile. Cabina este proiectat\u0103 cu aten\u021bie la ergonomie: vizibilitate larg\u0103, comenzi u\u0219or accesibile \u0219i protec\u021bie \u00eent\u0103rit\u0103 pentru o operare sigur\u0103 \u0219i eficient\u0103 chiar \u0219i \u00een condi\u021bii de utilizare prelungit\u0103.<\/p>\n<p data-start=\"852\" data-end=\"875\"><strong data-start=\"852\" data-end=\"875\">Avantaje principale:<\/strong><\/p>\n<ul data-start=\"876\" data-end=\"1182\">\n<li data-start=\"876\" data-end=\"955\">\n<p data-start=\"878\" data-end=\"955\">Motor puternic \u0219i sistem hidraulic optimizat pentru eficien\u021b\u0103 maxim\u0103<\/p>\n<\/li>\n<li data-start=\"956\" data-end=\"1027\">\n<p data-start=\"958\" data-end=\"1027\">Capacitate mare de ridicare \u0219i stabilitate excelent\u0103 \u00een lucrul cu diverse materiale<\/p>\n<\/li>\n<li data-start=\"1028\" data-end=\"1087\">\n<p data-start=\"1030\" data-end=\"1087\">Cabin\u0103 confortabil\u0103 pentru operator, cu <strong data-start=\"1061\" data-end=\"1085\">aer condi\u021bionat \u0219i \u00eenc\u0103lzire<\/strong><\/p>\n<\/li>\n<li data-start=\"1088\" data-end=\"1132\">\n<p data-start=\"1090\" data-end=\"1132\">Consum redus de combustibil \u0219i \u00eentre\u021binere u\u0219oar\u0103<\/p>\n<\/li>\n<li data-start=\"1133\" data-end=\"1182\">\n<p data-start=\"1135\" data-end=\"1182\">Construc\u021bie durabil\u0103, potrivit\u0103 pentru terenuri dificile<\/p>\n<\/li>\n<\/ul>\n<p data-start=\"1184\" data-end=\"1392\"><strong data-start=\"1184\" data-end=\"1197\">VSN GR928<\/strong> este solu\u021bia pentru profesioni\u0219tii care caut\u0103 un echilibru \u00eentre putere, fiabilitate \u0219i confort. Ma\u0219ina este creat\u0103 s\u0103 reziste, s\u0103 func\u021bioneze eficient \u0219i s\u0103 creasc\u0103 productivitatea \u00een orice mediu de lucru.<\/p>\n<p style=\"text-align: center;\">Pentru detalii:<br \/>\n<a href=\"tel:+359896708711\">+359896 708 711<\/a><br \/>\n<a href=\"tel:+359899796996\">+359899 796 996<\/a><br \/>\n<a href=\"https:\/\/vsn-m.eu\/ro\/\">www.vsn-m.eu<\/a><\/p>","protected":false},"excerpt":{"rendered":"<p>Vision Machinery Bulgaria \u043f\u0440\u0435\u0434\u0441\u0442\u0430\u0432\u044f \u0447\u0435\u043b\u043d\u0438\u044f \u0442\u043e\u0432\u0430\u0440\u0430\u0447 VSN GR928 \u041d\u0430\u0434\u0435\u0436\u0434\u043d\u0430, \u043c\u043e\u0449\u043d\u0430 \u0438 \u0432\u0438\u0441\u043e\u043a\u043e\u043f\u0440\u043e\u0438\u0437\u0432\u043e\u0434\u0438\u0442\u0435\u043b\u043d\u0430 \u043c\u0430\u0448\u0438\u043d\u0430, \u0441\u044a\u0437\u0434\u0430\u0434\u0435\u043d\u0430 \u0437\u0430 \u0442\u0435\u0436\u043a\u0438 \u0443\u0441\u043b\u043e\u0432\u0438\u044f \u0438 \u0438\u043d\u0442\u0435\u043d\u0437\u0438\u0432\u043d\u0430 \u0440\u0430\u0431\u043e\u0442\u0430. \u041c\u043e\u0434\u0435\u043b\u044a\u0442 \u043a\u043e\u043c\u0431\u0438\u043d\u0438\u0440\u0430 \u0441\u0442\u0430\u0431\u0438\u043b\u043d\u0430 \u043a\u043e\u043d\u0441\u0442\u0440\u0443\u043a\u0446\u0438\u044f, \u043c\u043e\u0434\u0435\u0440\u043d\u0430 \u0445\u0438\u0434\u0440\u0430\u0432\u043b\u0438\u0447\u043d\u0430 \u0441\u0438\u0441\u0442\u0435\u043c\u0430 \u0438 \u0432\u043f\u0435\u0447\u0430\u0442\u043b\u044f\u0432\u0430\u0449\u0430 \u043c\u0430\u043d\u0435\u0432\u0440\u0435\u043d\u043e\u0441\u0442, \u043a\u043e\u0435\u0442\u043e \u0433\u043e \u043f\u0440\u0430\u0432\u0438 \u0438\u0434\u0435\u0430\u043b\u0435\u043d \u0438\u0437\u0431\u043e\u0440 \u0437\u0430 \u0441\u0442\u0440\u043e\u0438\u0442\u0435\u043b\u043d\u0438 \u043f\u043b\u043e\u0449\u0430\u0434\u043a\u0438, \u0437\u0435\u043c\u0435\u0434\u0435\u043b\u0438\u0435, \u043f\u0440\u043e\u043c\u0438\u0448\u043b\u0435\u043d\u0438 \u043e\u043f\u0435\u0440\u0430\u0446\u0438\u0438 \u0438 \u0442\u043e\u0432\u0430\u0440\u043e-\u0440\u0430\u0437\u0442\u043e\u0432\u0430\u0440\u043d\u0438 \u0434\u0435\u0439\u043d\u043e\u0441\u0442\u0438. VSN GR928 \u0435 \u043e\u0431\u043e\u0440\u0443\u0434\u0432\u0430\u043d \u0441 \u043a\u043b\u0438\u043c\u0430\u0442\u0438\u043a \u0438 \u043f\u0430\u0440\u043d\u043e, \u043e\u0441\u0438\u0433\u0443\u0440\u044f\u0432\u0430\u0449\u0438 \u043a\u043e\u043c\u0444\u043e\u0440\u0442 \u043d\u0430 [&hellip;]<\/p>","protected":false},"featured_media":14057,"template":"","meta":[],"product_brand":[],"product_cat":[92],"product_tag":[],"class_list":{"0":"post-14056","1":"product","2":"type-product","3":"status-publish","4":"has-post-thumbnail","6":"product_cat-front-loaders","8":"first","9":"instock","10":"shipping-taxable","11":"purchasable","12":"product-type-simple"},"_links":{"self":[{"href":"https:\/\/vsn-m.eu\/ro\/wp-json\/wp\/v2\/product\/14056","targetHints":{"allow":["GET"]}}],"collection":[{"href":"https:\/\/vsn-m.eu\/ro\/wp-json\/wp\/v2\/product"}],"about":[{"href":"https:\/\/vsn-m.eu\/ro\/wp-json\/wp\/v2\/types\/product"}],"wp:featuredmedia":[{"embeddable":true,"href":"https:\/\/vsn-m.eu\/ro\/wp-json\/wp\/v2\/media\/14057"}],"wp:attachment":[{"href":"https:\/\/vsn-m.eu\/ro\/wp-json\/wp\/v2\/media?parent=14056"}],"wp:term":[{"taxonomy":"product_brand","embeddable":true,"href":"https:\/\/vsn-m.eu\/ro\/wp-json\/wp\/v2\/product_brand?post=14056"},{"taxonomy":"product_cat","embeddable":true,"href":"https:\/\/vsn-m.eu\/ro\/wp-json\/wp\/v2\/product_cat?post=14056"},{"taxonomy":"product_tag","embeddable":true,"href":"https:\/\/vsn-m.eu\/ro\/wp-json\/wp\/v2\/product_tag?post=14056"}],"curies":[{"name":"wp","href":"https:\/\/api.w.org\/{rel}","templated":true}]}}